{"id":349,"date":"2016-02-29T15:44:57","date_gmt":"2016-02-29T14:44:57","guid":{"rendered":"http:\/\/www.kairos.gent\/fr\/home\/"},"modified":"2020-12-14T12:27:41","modified_gmt":"2020-12-14T11:27:41","slug":"home","status":"publish","type":"page","link":"http:\/\/www.kairos.gent\/fr\/","title":{"rendered":"Home"},"content":{"rendered":"<div class=\"wpb-content-wrapper\">[vc_row css_animation=&#8221;bottom-to-top&#8221; center_row=&#8221;yes&#8221; local_scroll_id=&#8221;contact&#8221; css=&#8221;.vc_custom_1458495836569{background-color: #fcfcfc !important;}&#8221;][vc_column]<div class=\"vcex-spacing\" style=\"height:60px\"><\/div>[vc_custom_heading text=&#8221;Contact&#8221; font_container=&#8221;tag:h1|text_align:left|color:%23298ad3&#8243; use_theme_fonts=&#8221;yes&#8221;][\/vc_column][\/vc_row][vc_row center_row=&#8221;yes&#8221; css=&#8221;.vc_custom_1462044493962{background-color: #fcfcfc !important;}&#8221;][vc_column width=&#8221;1\/2&#8243;][vc_custom_heading text=&#8221;Adresse&#8221; font_container=&#8221;tag:h3|text_align:left&#8221; use_theme_fonts=&#8221;yes&#8221;]<div class=\"vcex-spacing\" style=\"height:30px\"><\/div>[vc_column_text]<strong>Nous restons \u00e0 votre disposition en cette p\u00e9riode difficile!<\/strong> Ceux qui souffrent actuellement de stress ou d&#8217;anxi\u00e9t\u00e9 peuvent nous contacter pour des sessions en ligne. Selon les directives actuelles, les consultations devraient d\u00e9sormais \u00eatre men\u00e9es <strong>en ligne ou par t\u00e9l\u00e9phone<\/strong> autant que possible. Cela prend un certain temps pour s&#8217;habituer, mais nous avons d\u00e9j\u00e0 une exp\u00e9rience positive avec cela. Les consultations physiques ne peuvent \u00eatre qu&#8217;exceptionnelles, ainsi compte tenu d&#8217;un certain nombre de pr\u00e9cautions. <strong>En cas d&#8217;urgence, nous recherchons ensemble une solution.<\/strong><\/p>\n<p>&nbsp;<\/p>\n<p><strong>Kairos<br \/>\n<\/strong><strong>Cabinet\u00a0de Psychoth\u00e9rapie centr\u00e9e sur le client et exp\u00e9rientielle<br \/>\n<\/strong>Voskenslaan 36a<br \/>\n9000 Gand<\/p>\n<p>Cliquez\u00a0<a href=\"https:\/\/www.google.be\/maps\/place\/Voskenslaan+36A,+9000+Gent\/@51.0345127,3.705455,17z\/data=!3m1!4b1!4m5!3m4!1s0x47c373dee019aec1:0x978a39c6bc8896e6!8m2!3d51.0345093!4d3.7076437?hl=nl\" target=\"_blank\" rel=\"noopener noreferrer\">ici<\/a>\u00a0pour un itin\u00e9raire.<\/p>\n<p>Vous pouvez nous atteindre par\u00a0email\u00a0<a href=\"mailto:info@kairos.be?Via website\">info@kairos.gent<\/a>\u00a0ou vous pouvez contacter une des psychoth\u00e9rapeutes directement:<\/p>\n<ul>\n<li>Gwenda Verthriest:<br \/>\n+32\u00a0(0)486 54 90 64 ou\u00a0<a href=\"mailto:gwenda@kairos.gent\">gwenda@kairos.gent<\/a><\/li>\n<li>Kathleen Hawil:<br \/>\n+32\u00a0(0)474 70 88 52 ou\u00a0<a href=\"mailto:kathleen@kairos.gent\">kathleen@kairos.gent<\/a><\/li>\n<li>Trees Depoorter:<br \/>\n+32\u00a0(0)479 49 46 74 ou\u00a0<a href=\"mailto:trees@kairos.gent\">trees@kairos.gent<\/a><\/li>\n<\/ul>\n<p>En cas d&#8217;absence lors de votre appel, veuillez laisser un message. Nous vous contacterons\u00a0<strong>dans les\u00a048 heures.<\/strong><\/p>\n<p><strong><em><span id=\"result_box\" class=\"\" lang=\"fr\"><span class=\"\">Attention: v\u00e9rifiez toujours votre bo\u00eete spam si vous n&#8217;avez pas re\u00e7u de r\u00e9ponse dans les 48 heures!<\/span><\/span><\/em><\/strong>[\/vc_column_text][\/vc_column][vc_column width=&#8221;1\/2&#8243;][vc_custom_heading text=&#8221;Formulaire de contact&#8221; font_container=&#8221;tag:h3|text_align:left&#8221; use_theme_fonts=&#8221;yes&#8221;]<div class=\"vcex-spacing\" style=\"height:30px\"><\/div>[vc_column_text]Vous avez une question ou vous voulez fixer un rendez-vous?<br \/>\nVeuillez\u00a0remplir le formulaire ci-dessous et nous vous contacterons\u00a0aussi rapidement que possible.[\/vc_column_text]<div class=\"vcex-spacing\" style=\"height:30px\"><\/div><div class=\"wpforms-container wpforms-container-full\" id=\"wpforms-691\"><form id=\"wpforms-form-691\" class=\"wpforms-validate wpforms-form\" data-formid=\"691\" method=\"post\" enctype=\"multipart\/form-data\" action=\"\/fr\/wp-json\/wp\/v2\/pages\/349\" data-token=\"8d7683949199afb616f6fbb8c5f764da\" data-token-time=\"1775566755\"><noscript class=\"wpforms-error-noscript\">Please enable JavaScript in your browser to complete this form.<\/noscript><div class=\"wpforms-field-container\"><div id=\"wpforms-691-field_2-container\" class=\"wpforms-field wpforms-field-name\" data-field-id=\"2\"><label class=\"wpforms-field-label\" for=\"wpforms-691-field_2\">Nom + Pr\u00e9nom: <span class=\"wpforms-required-label\">*<\/span><\/label><input type=\"text\" id=\"wpforms-691-field_2\" class=\"wpforms-field-medium wpforms-field-required\" name=\"wpforms[fields][2]\" required><\/div><div id=\"wpforms-691-field_3-container\" class=\"wpforms-field wpforms-field-email\" data-field-id=\"3\"><label class=\"wpforms-field-label\" for=\"wpforms-691-field_3\">E-mail <span class=\"wpforms-required-label\">*<\/span><\/label><input type=\"email\" id=\"wpforms-691-field_3\" class=\"wpforms-field-medium wpforms-field-required\" name=\"wpforms[fields][3]\" spellcheck=\"false\" required><\/div><div id=\"wpforms-691-field_4-container\" class=\"wpforms-field wpforms-field-number\" data-field-id=\"4\"><label class=\"wpforms-field-label\" for=\"wpforms-691-field_4\">Num\u00e9ro de t\u00e9l\u00e9phone<\/label><input type=\"number\" id=\"wpforms-691-field_4\" class=\"wpforms-field-medium\" name=\"wpforms[fields][4]\" step=\"any\" ><\/div><div id=\"wpforms-691-field_5-container\" class=\"wpforms-field wpforms-field-textarea\" data-field-id=\"5\"><label class=\"wpforms-field-label\" for=\"wpforms-691-field_5\">Vos moments disponibles pour un rendez-vous<\/label><textarea id=\"wpforms-691-field_5\" class=\"wpforms-field-medium\" name=\"wpforms[fields][5]\" ><\/textarea><\/div><div id=\"wpforms-691-field_6-container\" class=\"wpforms-field wpforms-field-textarea\" data-field-id=\"6\"><label class=\"wpforms-field-label\" for=\"wpforms-691-field_6\">Votre message <span class=\"wpforms-required-label\">*<\/span><\/label><textarea id=\"wpforms-691-field_6\" class=\"wpforms-field-medium wpforms-field-required\" name=\"wpforms[fields][6]\" required><\/textarea><\/div><\/div><!-- .wpforms-field-container --><div class=\"wpforms-submit-container\" ><input type=\"hidden\" name=\"wpforms[id]\" value=\"691\"><input type=\"hidden\" name=\"page_title\" value=\"\"><input type=\"hidden\" name=\"page_url\" value=\"http:\/\/www.kairos.gent\/fr\/wp-json\/wp\/v2\/pages\/349\"><input type=\"hidden\" name=\"url_referer\" value=\"\"><button type=\"submit\" name=\"wpforms[submit]\" id=\"wpforms-submit-691\" class=\"wpforms-submit\" data-alt-text=\"Envoyant...\" data-submit-text=\"Envoyer\" aria-live=\"assertive\" value=\"wpforms-submit\">Envoyer<\/button><\/div><\/form><\/div>  <!-- .wpforms-container -->[\/vc_column][\/vc_row][vc_row center_row=&#8221;yes&#8221; css=&#8221;.vc_custom_1462044508192{background-color: #fcfcfc !important;}&#8221;][vc_column]<div class=\"vcex-spacing\" style=\"height:30px\"><\/div>[vc_custom_heading text=&#8221;Itin\u00e9raire&#8221; font_container=&#8221;tag:h3|text_align:left&#8221; use_theme_fonts=&#8221;yes&#8221;]<div class=\"vcex-spacing\" style=\"height:30px\"><\/div>[vc_column_text]<span id=\"result_box\" class=\"\" lang=\"fr\">Notre Cabinet est situ\u00e9e \u00e0 l&#8217;arri\u00e8re de la Sint-Pietersstation \u00e0 Gand. Nous sommes facilement accessible par les transports en commun (train et nombreux arr\u00eats de bus et de tram sont tout pr\u00e8s). Pour ceux qui viennent en voiture, il y a un espace de stationnement non payant sur l&#8217;all\u00e9e de la pratique. <span class=\"\">Si cette place de stationnement est occup\u00e9e, il y a plusieurs parkings dans\u00a0le quartier.<\/span><\/span>[\/vc_column_text]<div class=\"vcex-spacing\" style=\"height:60px\"><\/div>[vc_gmaps link=&#8221;#E-8_JTNDaWZyYW1lJTIwc3JjJTNEJTIyaHR0cHMlM0ElMkYlMkZ3d3cuZ29vZ2xlLmNvbSUyRm1hcHMlMkZlbWJlZCUzRnBiJTNEJTIxMW0xOCUyMTFtMTIlMjExbTMlMjExZDI1MDkuMDA1ODUxNjQyMjgyMyUyMTJkMy43MDU0NTUwMTU2MjI5NzczJTIxM2Q1MS4wMzQ1MTI2NTI5ODg4NyUyMTJtMyUyMTFmMCUyMTJmMCUyMTNmMCUyMTNtMiUyMTFpMTAyNCUyMTJpNzY4JTIxNGYxMy4xJTIxM20zJTIxMW0yJTIxMXMweDQ3YzM3M2RlZTAxOWFlYzElMjUzQTB4OTc4YTM5YzZiYzg4OTZlNiUyMTJzVm9za2Vuc2xhYW4lMkIzNkElMjUyQyUyQjkwMDAlMkJHZW50JTIxNWUwJTIxM20yJTIxMXNubCUyMTJzYmUlMjE0djE1MjI3NDIyMjcxNDIlMjIlMjB3aWR0aCUzRCUyMjYwMCUyMiUyMGhlaWdodCUzRCUyMjQ1MCUyMiUyMGZyYW1lYm9yZGVyJTNEJTIyMCUyMiUyMHN0eWxlJTNEJTIyYm9yZGVyJTNBMCUyMiUyMGFsbG93ZnVsbHNjcmVlbiUzRSUzQyUyRmlmcmFtZSUzRQ==&#8221;]<div class=\"vcex-spacing\" style=\"height:60px\"><\/div>[\/vc_column][\/vc_row]\n<\/div>","protected":false},"excerpt":{"rendered":"<p>[vc_row css_animation=&#8221;bottom-to-top&#8221; center_row=&#8221;yes&#8221; local_scroll_id=&#8221;contact&#8221; css=&#8221;.vc_custom_1458495836569{background-color: #fcfcfc !important;}&#8221;][vc_column][vc_custom_heading text=&#8221;Contact&#8221; font_container=&#8221;tag:h1|text_align:left|color:%23298ad3&#8243; use_theme_fonts=&#8221;yes&#8221;][\/vc_column][\/vc_row][vc_row center_row=&#8221;yes&#8221; css=&#8221;.vc_custom_1462044493962{background-color: #fcfcfc !important;}&#8221;][vc_column width=&#8221;1\/2&#8243;][vc_custom_heading text=&#8221;Adresse&#8221; font_container=&#8221;tag:h3|text_align:left&#8221; use_theme_fonts=&#8221;yes&#8221;][vc_column_text]Nous restons \u00e0 votre disposition en cette p\u00e9riode difficile! Ceux qui souffrent actuellement de stress ou d&#8217;anxi\u00e9t\u00e9 peuvent nous contacter pour des sessions&hellip;<\/p>\n","protected":false},"author":1,"featured_media":0,"parent":0,"menu_order":0,"comment_status":"closed","ping_status":"closed","template":"","meta":{"footnotes":""},"_links":{"self":[{"href":"http:\/\/www.kairos.gent\/fr\/wp-json\/wp\/v2\/pages\/349"}],"collection":[{"href":"http:\/\/www.kairos.gent\/fr\/wp-json\/wp\/v2\/pages"}],"about":[{"href":"http:\/\/www.kairos.gent\/fr\/wp-json\/wp\/v2\/types\/page"}],"author":[{"embeddable":true,"href":"http:\/\/www.kairos.gent\/fr\/wp-json\/wp\/v2\/users\/1"}],"replies":[{"embeddable":true,"href":"http:\/\/www.kairos.gent\/fr\/wp-json\/wp\/v2\/comments?post=349"}],"version-history":[{"count":19,"href":"http:\/\/www.kairos.gent\/fr\/wp-json\/wp\/v2\/pages\/349\/revisions"}],"predecessor-version":[{"id":693,"href":"http:\/\/www.kairos.gent\/fr\/wp-json\/wp\/v2\/pages\/349\/revisions\/693"}],"wp:attachment":[{"href":"http:\/\/www.kairos.gent\/fr\/wp-json\/wp\/v2\/media?parent=349"}],"curies":[{"name":"wp","href":"https:\/\/api.w.org\/{rel}","templated":true}]}}