{"id":137,"date":"2016-03-13T14:51:52","date_gmt":"2016-03-13T13:51:52","guid":{"rendered":"http:\/\/www.kairos.gent\/?page_id=137"},"modified":"2026-02-25T22:08:45","modified_gmt":"2026-02-25T21:08:45","slug":"wiezijnwe","status":"publish","type":"page","link":"http:\/\/www.kairos.gent\/nl\/wiezijnwe\/","title":{"rendered":"Wie zijn we"},"content":{"rendered":"<div class=\"wpb-content-wrapper\">[vc_row css_animation=&#8221;left-to-right&#8221; local_scroll_id=&#8221;gwenda&#8221;][vc_column width=&#8221;1\/4&#8243;]<div class=\"vcex-spacing\" style=\"height:30px\"><\/div>[vc_single_image image=&#8221;383&#8243; img_size=&#8221;medium&#8221; style=&#8221;vc_box_circle_2&#8243;]<div class=\"vcex-spacing\" style=\"height:30px\"><\/div>[vc_column_text]\n<p style=\"text-align: left;\"><span class=\"ticon ticon-phone\" style=\"color:000;font-size:16px;\"><\/span>\u00a0+32 (0)486 54 90 64<br \/>\n<span class=\"ticon ticon-envelope-o\" style=\"color:000;font-size:16px;\"><\/span> <a href=\"mailto:gwenda@kairos.gent?subject:Via website\">gwenda@kairos.gent<\/a>[\/vc_column_text]<div class=\"vcex-spacing\" style=\"height:30px\"><\/div>[vc_column_text]Individuele psychotherapie voor adolescenten en volwassenen<\/p>\n<p>Relatietherapie<\/p>\n<p>Talen: Nederlands en Engels[\/vc_column_text][\/vc_column][vc_column width=&#8221;3\/4&#8243;]<div class=\"vcex-spacing\" style=\"height:30px\"><\/div>[vc_custom_heading text=&#8221;Gwenda Verthriest&#8221; font_container=&#8221;tag:h3|text_align:left&#8221; use_theme_fonts=&#8221;yes&#8221;]<div class=\"vcex-spacing\" style=\"height:30px\"><\/div>[vc_tta_tabs shape=&#8221;square&#8221; active_section=&#8221;1&#8243; no_fill_content_area=&#8221;true&#8221;][vc_tta_section title=&#8221;Profiel&#8221; tab_id=&#8221;1457877224997-f92e1fc4-37e2&#8243;][vc_column_text css=&#8221;&#8221;]Telkens weer vind ik het een voorrecht deelgenoot te mogen zijn van de innerlijke en relationele zoektocht die mensen aangaan in psychotherapie. Authentiek, met respect, me inlevend in en mee dragend van al wat zich in en tussen de ander en mij aandient, wil ik mensen met uiteenlopende problemen tegemoet treden.<\/p>\n<p>De voorbije jaren legde ik me in het bijzonder toe op psychotherapie voor mensen met eetproblemen, mensen met ontwikkelingstrauma en op het begeleiden van koppels. Als perinataal psycholoog bied ik een veilige, ondersteunende bedding aan (wens)ouders die worstelen met het prille ouderschap. Verder verdiep ik me in cultuursensitieve zorg. Ook mensen met andere klachten en moeilijkheden (zoals depressie, angst, stress, verlieservaring, weinig zelfvertrouwen, gevoel vast te lopen in je leven,\u2026) kunnen bij mij terecht.<\/p>\n<p>Een belangrijk richtsnoer, zowel in mijn persoonlijk leven als in mijn professioneel handelen, is het focussen. Dit is een naar binnen gerichte, vriendelijke aandacht voor wat er lijfelijk in je omgaat. In kleine stappen help ik je nauwkeuriger te luisteren naar en meer te vertrouwen op de wijsheid van je globaal lichamelijk aanvoelen. Meer info vind je op <a href=\"http:\/\/www.focussenvlaanderen.be\" target=\"_blank\" rel=\"noopener noreferrer\">www.focussenvlaanderen.be<\/a><\/p>\n<p>De voorbije 25 jaar deed ik met veel toewijding ervaring op in ambulante eerste- en tweedelijnspsychotherapie. Reeds geruime tijd werk ik in het Centrum Algemeen Welzijnswerk Halle-Vilvoorde. In het verleden werkte ik in meerdere Centra Geestelijke Gezondheidszorg en een multidisciplinaire groepspraktijk gericht op de behandeling van eetproblemen.[\/vc_column_text][\/vc_tta_section][vc_tta_section title=&#8221;Opleiding&#8221; tab_id=&#8221;1457877269467-5a6a531d-9ead&#8221;][vc_column_text css=&#8221;&#8221;]Perinatale psychologie en psychotherapie<br \/>\nSomatic Experiencing<br \/>\nExistenti\u00eble pychotherapie<\/p>\n<p>Emotion Focused Therapy Level 1<br \/>\nEmotion Focused Family Therapy<br \/>\nFocussen niveau 4<\/p>\n<p>Focusing Oriented Therapy<br \/>\nPartnerrelatietherapie<br \/>\nCli\u00ebntgericht-experi\u00ebnti\u00eble psychotherapie<\/p>\n<p>Interuniversitaire postacademische opleiding Forensische psychiatrie en psychologie<br \/>\nLicentiaat in de Klinische Psychologie[\/vc_column_text][\/vc_tta_section][vc_tta_section title=&#8221;Lidmaatschap&#8221; tab_id=&#8221;1457877255156-cf9426d9-fd10&#8243;][vc_column_text]Belgische Federatie van Psychologen<br \/>\nVlaamse Vereniging van Klinische Psychologen<br \/>\nVlaamse Vereniging Cli\u00ebntgericht-Experi\u00ebnti\u00eble Psychotherapie en Counseling<br \/>\nBeroepsvereniging voor Wetenschappelijk onderbouwde Psychotherapie<br \/>\nWorld Association for Person Centered and Experiential Psychotherapy &amp; Counselling[\/vc_column_text][\/vc_tta_section][vc_tta_section title=&#8221;Erkenningen&#8221; tab_id=&#8221;1457877270771-016905ae-3c5c&#8221;][vc_column_text css=&#8221;&#8221;]Erkend als psycholoog bij de psychologencommissie onder nummer <strong><a href=\"https:\/\/www.compsy.be\/nl_BE\/psychologist\/embed\/25552\" target=\"_blank\" rel=\"noopener noreferrer\">722104821<\/a><\/strong><\/p>\n<p>Visum klinisch psycholoog <strong>265291<\/strong>[\/vc_column_text][vc_raw_html css=&#8221;&#8221;]JTNDaWZyYW1lJTIwc3JjJTNEJTIyaHR0cHMlM0ElMkYlMkZ3d3cuY29tcHN5LmJlJTJGbmxfQkUlMkZwc3ljaG9sb2dpc3QlMkZlbWJlZCUyRjI1NTUyJTIyJTIwc3R5bGUlM0QlMjJ3aWR0aCUzQSUyMDQwMHB4JTNCJTIwaGVpZ2h0JTNBJTIwMjAwcHglM0IlMjBib3JkZXIlM0ElMjBub25lJTNCJTIyJTNFJTNDJTJGaWZyYW1lJTNF[\/vc_raw_html][\/vc_tta_section][\/vc_tta_tabs][\/vc_column][\/vc_row][vc_row css_animation=&#8221;left-to-right&#8221; local_scroll_id=&#8221;kathleen&#8221;][vc_column width=&#8221;1\/4&#8243;]<div class=\"vcex-spacing\" style=\"height:30px\"><\/div>[vc_single_image image=&#8221;383&#8243; img_size=&#8221;medium&#8221; style=&#8221;vc_box_circle_2&#8243;]<div class=\"vcex-spacing\" style=\"height:30px\"><\/div>[vc_column_text]\n<p style=\"text-align: center;\"><span class=\"ticon ticon-phone\" style=\"color:000;font-size:16px;\"><\/span>\u00a0+32 (0)474 70 88 52<br \/>\n<span class=\"ticon ticon-envelope-o\" style=\"color:000;font-size:16px;\"><\/span> <a href=\"mailto:kathleen@kairos.gent?subject:Via website\">kathleen@kairos.gent<\/a>[\/vc_column_text]<div class=\"vcex-spacing\" style=\"height:30px\"><\/div>[vc_column_text]Individuele psychotherapie voor adolescenten en volwassenen<\/p>\n<p>Talen: Nederlands, Frans en Engels[\/vc_column_text][\/vc_column][vc_column width=&#8221;3\/4&#8243;]<div class=\"vcex-spacing\" style=\"height:30px\"><\/div>[vc_custom_heading text=&#8221;Kathleen Hawil&#8221; font_container=&#8221;tag:h3|text_align:left&#8221; use_theme_fonts=&#8221;yes&#8221;]<div class=\"vcex-spacing\" style=\"height:30px\"><\/div>[vc_tta_tabs shape=&#8221;square&#8221; active_section=&#8221;1&#8243; no_fill_content_area=&#8221;true&#8221;][vc_tta_section title=&#8221;Profiel&#8221; tab_id=&#8221;1457877668482-cdf00e77-f33f&#8221;][vc_column_text]In elk levensverhaal is er een kiem van hoop, groei en veerkracht. Dat blijft me steeds weer boeien bij het ontmoeten van cli\u00ebnten. Met respect en authenticiteit probeer ik je te begeleiden in wat meestal een kwetsbare periode is in je leven.<\/p>\n<p>Ik werk al een aantal jaren als zelfstandig psychotherapeute. Ik deed vooral ervaring op in het begeleiden van cli\u00ebnten met verwerkingsmoeilijkheden (relatiebreuk of scheiding, trauma, rouw, ziekte), burn-out, angst- en spanningsklachten, levensfasemoeilijkheden en hechtingsproblemen. Specifieke affiniteit heb ik ook met moeilijkheden die voortkomen uit hooggevoeligheid en met emotionele moeilijkheden m.b.t. zwangerschap en ouderschap.<\/p>\n<p>Daarnaast ben ik ook al geruime tijd verbonden aan een psychiatrisch centrum (Kortenberg), de laatste jaren op een gesloten crisisafdeling. Dankzij die ervaring ben ik heel goed vertrouwd met het werken met heel verschillende psychische moeilijkheden.<\/p>\n<p>Mijn belangrijkste inspiratiebron om je bij te staan in je zoekproces is het focussen. Dit is een manier van innerlijk luisteren waarbij je respectvolle en luisterende aandacht geeft aan wat je (lijfelijk) ervaart. Door stapsgewijs verbinding te maken met je beleving komen we dankzij het focussen tot een dieper inzicht in jezelf. En leer je gaandeweg zelf ook meer te luisteren naar en te vertrouwen op de wijsheid van je eigen aanvoelen. Meer info hierover vind je op <a href=\"http:\/\/www.focussenvlaanderen.be\" target=\"_blank\" rel=\"noopener noreferrer\">www.focussenvlaanderen.be<\/a>[\/vc_column_text][\/vc_tta_section][vc_tta_section title=&#8221;Opleiding&#8221; tab_id=&#8221;1457877668534-1049c3ab-4532&#8243;][vc_column_text]Existenti\u00eble psychotherapie (i.o.)<\/p>\n<p>Focusing Oriented Therapy<br \/>\nFocussen niveau 4<br \/>\nDialectische gedragstherapie<br \/>\nPostgraduaat cli\u00ebntgericht-experi\u00ebnti\u00eble psychotherapie<br \/>\nMaster in de Klinische Psychologie[\/vc_column_text][\/vc_tta_section][vc_tta_section title=&#8221;Lidmaatschap&#8221; tab_id=&#8221;1457877668560-4d026822-59ef&#8221;][vc_column_text]Belgische Federatie van Psychologen<br \/>\nVlaamse Vereniging van Klinische Psychologen<br \/>\nVlaamse Vereniging Cli\u00ebntgericht-Experi\u00ebnti\u00eble Psychotherapie en Counseling<\/p>\n<p>World Association for Person Centered and Experiential Psychotherapy &amp; Counselling[\/vc_column_text][\/vc_tta_section][vc_tta_section title=&#8221;Erkenningen&#8221; tab_id=&#8221;1457877668588-e68c67a0-6269&#8243;][vc_column_text css=&#8221;&#8221;]Erkend als psycholoog bij de psychologencommissie onder nummer <strong><a href=\"https:\/\/www.compsy.be\/psycholoog\/9941\" target=\"_blank\" rel=\"noopener noreferrer\">842110109<\/a><\/strong><\/p>\n[\/vc_column_text][\/vc_tta_section][\/vc_tta_tabs][\/vc_column][\/vc_row][vc_row css_animation=&#8221;left-to-right&#8221; local_scroll_id=&#8221;trees&#8221;][vc_column width=&#8221;1\/4&#8243;]<div class=\"vcex-spacing\" style=\"height:30px\"><\/div>[vc_single_image image=&#8221;383&#8243; img_size=&#8221;medium&#8221; style=&#8221;vc_box_circle_2&#8243;]<div class=\"vcex-spacing\" style=\"height:30px\"><\/div>[vc_column_text]\n<p style=\"text-align: center;\"><span class=\"ticon ticon-phone\" style=\"color:000;font-size:16px;\"><\/span>\u00a0+32 (0)479 49 46 74<br \/>\n<span class=\"ticon ticon-envelope-o\" style=\"color:000;font-size:16px;\"><\/span> <a href=\"mailto:trees@kairos.gent?subject:Via website\">trees@kairos.gent<\/a>[\/vc_column_text]<div class=\"vcex-spacing\" style=\"height:30px\"><\/div>[vc_column_text]Individuele psychotherapie voor volwassenen<\/p>\n<p>Groepstherapie<\/p>\n<p>Supervisie<\/p>\n<p>Talen: Nederlands en Engels[\/vc_column_text][\/vc_column][vc_column width=&#8221;3\/4&#8243;]<div class=\"vcex-spacing\" style=\"height:30px\"><\/div>[vc_custom_heading text=&#8221;Trees Depoorter&#8221; font_container=&#8221;tag:h3|text_align:left&#8221; use_theme_fonts=&#8221;yes&#8221;]<div class=\"vcex-spacing\" style=\"height:30px\"><\/div>[vc_tta_tabs shape=&#8221;square&#8221; active_section=&#8221;1&#8243; no_fill_content_area=&#8221;true&#8221;][vc_tta_section title=&#8221;Profiel&#8221; tab_id=&#8221;1457877713020-3d1cca44-bdbc&#8221;][vc_column_text css=&#8221;&#8221;]\n<div>\n<p>Na studies in de<span class=\"apple-converted-space\">\u00a0<\/span><strong>filosofie en psychologie<\/strong>, werkte ik een aantal jaar als psycholoog in verschillende Centra voor Geestelijke Gezondheidszorg en sinds 2011 als zelfstandig psychotherapeut. Ik volgde verschillende therapie-opleidingen en specialisaties en deed vooral ervaring op met cli\u00ebnten met burn-out, depressie en angstklachten, relationele moeilijkheden, trauma en verlies, lage zelfwaarde, chronische ziektes, vragen rond gender of geaardheid, moeite om contact te maken met het gevoel en existenti\u00eble vragen.<\/p>\n<\/div>\n<div>\n<p>Mijn benadering kan je omschrijven als <strong>experi\u00ebntieel (belevingsgericht), interactioneel en existentieel<\/strong>. Mijn basiskader als psychotherapeut is <a href=\"https:\/\/vvcepc.be\/onze-visie\">het cli\u00ebntgericht<span lang=\"NL\">-experi\u00ebnti\u00ebl<\/span>e model<\/a>, maar als het proces daarom vraagt, maak ik ook gebruik van technieken uit andere psychotherapeutische kaders.<\/p>\n<\/div>\n<div>\n<p>Je kan bij mij terecht voor <strong>individuele psychotherapie, groepstherapie en supervisie<\/strong>.<\/p>\n<\/div>\n<div>\n<h4><b>INDIVIDUELE PSYCHOTHERAPIE<\/b><\/h4>\n<\/div>\n<div>\n<p><strong>Jouw ervaringswereld in al zijn facetten en complexiteit vormt het uitgangspunt<\/strong><span class=\"apple-converted-space\">\u00a0<\/span>en de leidraad van de gesprekken. Ik help je om zelf <b>betekenis<\/b> te geven of te vinden in je beleving (je gevoelens, lichamelijke gewaarwordingen, zelfbeeld, gedachten, herinneringen, verlangens,\u2026) en in je interacties met anderen. Daarbij staan we stil bij dat wat moeilijk of onduidelijk voor je is. Als je er klaar voor bent, gaan we aan de slag met de vicieuze cirkels, blokkades, tegenstrijdigheden of pijnlijke gevoelens die je tegenkomt. Stapje voor stapje en afgestemd op jouw hulpvraag, ritme, (draag)kracht, noden en levensomstandigheden.<\/p>\n<\/div>\n<div>\n<p><b>Ik hou van<\/b><span class=\"apple-converted-space\">\u00a0<\/span><strong>open en oprechte communicatie<\/strong>, en probeer steeds voeling te houden met hoe het met jou gesteld is en hoe je de therapie ervaart. Ook speel ik regelmatig in op wat er zich \u2018hier en nu\u2019 voordoet en geef ik aan wat ik <b>in het contact <\/b>tussen ons ervaar, als ik denk dat het proces daarom vraagt. Elke vraag, twijfel of feedback die jij hebt, is welkom.<\/p>\n<\/div>\n<div>\n<p>Vanuit mijn filosofische achtergrond en specialisatie in de existenti\u00eble psychotherapie heb ik geleerd <b>met een open, onderzoekende interesse moeilijke, <strong>existenti\u00eble thema\u2019s <\/strong>tegemoet te treden.<\/b> Heel wat mensen lopen hierin vast. Zinloosheid\/zinvermindering, eenzaamheid, doods- en levensangst, wanhoop, ambivalentie en besluiteloosheid, verantwoordelijkheid en autonomie, niet weten wie je bent, schaamte, spijt, onrecht,\u2026 kunnen ons diep raken of ontregelen als mens. Soms wordt dit versterkt door persoonlijke levenservaringen (zoals ziekte, trauma, verlies van belangrijke personen of een job, ouderdom, relatiebreuk, je levenskeuzes, etc) maar soms ook door re\u00eble existenti\u00eble bedreigingen in de maatschappij (klimaat, oorlog, pandemie, economische crisis, racisme, seksisme, homofobie\u2026).<\/p>\n<\/div>\n<div>\n<p>Door <b>ruimte en bestaansrecht<\/b> te geven aan al wat er leeft bij jou of speelt tussen jou en anderen, en hier samen onbevangen naar te kijken, komt iets eindelijk in beweging of geleidelijk tot rust. Dat klinkt eenvoudiger dan het is. Het helpt als je hier niet alleen voor staat.<\/p>\n<\/div>\n<div>\n<h4><b>GROEPSTHERAPIE<\/b><\/h4>\n<\/div>\n<div>\n<p>Naast individuele gesprekken geef ik sedert een aantal jaren met veel plezier<span class=\"apple-converted-space\">\u00a0<\/span><a href=\"http:\/\/www.kairos.gent\/nl\/groepstherapie\/\">groepstherapie<\/a>. Ik heb een bijzondere interesse voor<span class=\"apple-converted-space\">\u00a0<\/span><strong>groepsprocessen. <\/strong>Groepstherapie is voor mij een krachtige en bijzonder mooie therapievorm, omdat ze naar de kern van het samenleven met anderen gaat: <strong><i>kwetsures ontstaan in relaties en dat is ook de plek waar ze kunnen helen<\/i><\/strong><strong>. <\/strong>Een therapiegroep biedt een steunende bedding en een waaier aan relationele mogelijkheden \u2013 en evenzoveel kansen om jezelf te (her)ontdekken en te groeien. Al wat iemand met zich meedraagt, komt tot leven in de groep, en de groep komt tot leven wanneer men het aandurft om zich open, kwetsbaar en spontaan op te stellen. Het is heel bijzonder om ervan getuige te zijn hoe iemand vanuit een open contact met anderen dichter bij zichzelf komt.<\/p>\n<\/div>\n<div>\n<h4><b>SUPERVISIE<\/b><\/h4>\n<\/div>\n<div>\n<p>Psychotherapeuten (in opleiding) kunnen bij mij ook terecht voor cli\u00ebntgericht-experi\u00ebnti\u00eble supervisie.<\/p>\n<\/div>\n<div>\n<p><b><i>Samen onderzoeken<\/i><\/b> we waar je precies vastloopt in je begeleidingen en wat je uitdagend vindt, maar ook wat er goed loopt, hoe je je krachten goed leert inzetten en waar je naartoe wil groeien. Afgestemd op jouw proces en supervisievraag, geef ik je constructieve feedback, soms confronterend maar altijd respectvol en met oog voor je kwaliteiten.<\/p>\n<p>Je werk als therapeut stopt niet aan de deur van je consultatieruimte. Naast aandacht voor casussen, interventies en psychotherapeutische processen, is er in supervisie ook ruimte voor de <strong>bredere aspecten van je werk als therapeut<\/strong>, zoals de impact van je werkcontext, hoe je je verhoudt tot je rol als hulpverlener en zelfzorg.<\/p>\n<\/div>\n<div>\n<p>Ik ben ervan overtuigd dat elke psychotherapeut een <strong>professionele \u2018safe space\u2019<\/strong> nodig heeft, een <b>ruimte waar je kan stilstaan <\/b><b><span lang=\"NL\">bij jezelf<\/span><\/b> \u2013 om bij te leren over je vak en je vaardigheden aan te scherpen, om je blinde vlekken onder ogen te zien, maar evengoed om op adem te komen en je behoeftes serieus te nemen. In supervisie leer je \u00f2\u00f2k hoe je als hulpverlener een goede ouder voor jezelf wordt, met nuchtere zelfkennis, vertrouwen in je capaciteiten en een stevige en liefdevolle begrenzing.<\/p>\n<\/div>\n<div>\n<p>Als supervisor word ik zelf begeleid door een ervaren leersupervisor.<\/p>\n<\/div>\n<div>\n<h4><b>ENGAGEMENT\u00a0<\/b><\/h4>\n<\/div>\n<div>\n<p>Aanvullend op het klinisch werk, engageer ik me ook op andere manieren. Zo ben ik staflid van de specialisatie-opleiding <a href=\"https:\/\/www.focusonemotion.be\/specialisatie-existentiele\"><em>Experi\u00ebntieel-Existenti\u00eble psychotherapie en counseling<\/em><\/a> (Focus on Emotion). Van 2020 tem 2024 nam ik een engagement op als voorzitter van<span class=\"apple-converted-space\">\u00a0<\/span><a href=\"https:\/\/vvcepc.be\/\" target=\"_blank\" rel=\"noopener\">VVCEPC<\/a><span class=\"apple-converted-space\">\u00a0<\/span>(de Vlaamse Vereniging van Cli\u00ebntgericht-Experi\u00ebnti\u00eble Psychotherapie en Counseling). Daarnaast ben ik zelf in supervisie en leertherapie, maak deel uit van verschillende intervisiegroepen en ben enthousiast lid van een Special Interest Group rond existenti\u00eble psychotherapie.<\/p>\n<\/div>\n<div>\n<h4><em><b>Praktijk in Brussel<\/b><\/em><\/h4>\n<\/div>\n<div>\n<p><em>Naast mijn activiteit bij Kairos in Gent werk ik ook \u00e9\u00e9n dag per week in Psygroup, een internationale groepspraktijk van psychologen in Brussel. Zie:<\/em><i> <\/i><em><i><a href=\"http:\/\/www.psygroup.be\/\" target=\"_blank\" rel=\"noopener\">psygroup.be<\/a><\/i><\/em><\/p>\n<\/div>\n[\/vc_column_text][\/vc_tta_section][vc_tta_section title=&#8221;Opleiding&#8221; tab_id=&#8221;1457877713085-652522cb-62a2&#8243;][vc_column_text]Specialisatie existenti\u00eble psychotherapie<br \/>\nSpecialisatie groepspsychotherapie<\/p>\n<p>Focussen niveau 3<br \/>\nCognitieve gedragstherapie voor insomnie (CGT-i)<\/p>\n<p>Postgraduaat cli\u00ebntgericht-experi\u00ebnti\u00eble psychotherapie<\/p>\n<h4><strong>Vooropleiding<\/strong><\/h4>\n<p>Master in de Klinische Psychologie<br \/>\nLicentiaat in de Wijsbegeerte<br \/>\nGGS Literatuurwetenschappen[\/vc_column_text][\/vc_tta_section][vc_tta_section title=&#8221;Lidmaatschap&#8221; tab_id=&#8221;1457877713116-5ed2a6c5-a2d0&#8243;][vc_column_text]Vlaamse Vereniging Cli\u00ebntgericht-Experi\u00ebnti\u00eble Psychotherapie en Counseling<\/p>\n<p>Beroepsvereniging voor Wetenschappelijk onderbouwde Psychotherapie<\/p>\n<p>World Association for Person Centered and Experiential Psychotherapy &amp; Counseling<\/p>\n<p>Vlaamse Vereniging van Klinische Psychologen[\/vc_column_text][\/vc_tta_section][vc_tta_section title=&#8221;Erkenningen&#8221; tab_id=&#8221;1457877713151-27264da5-ca1f&#8221;][vc_column_text css=&#8221;&#8221;]Aspirant-supervisor bij VVCEPC<\/p>\n<p>Erkend als psycholoog bij de Psychologencommissie onder nummer<strong> <a href=\"https:\/\/www.compsy.be\/nl_BE\/psychologist\/embed\/20147\" target=\"_blank\" rel=\"noopener noreferrer\">772110227<\/a><\/strong><\/p>\n<p>Visum klinisch psycholoog <strong>264647<\/strong><\/p>\n<p>Erkend als psychotherapeut bij de CM onder nummer <strong>09701582<\/strong>[\/vc_column_text][vc_raw_html css=&#8221;&#8221;]JTNDaWZyYW1lJTIwc3JjJTNEJTIyaHR0cHMlM0ElMkYlMkZ3d3cuY29tcHN5LmJlJTJGbmxfQkUlMkZwc3ljaG9sb2dpc3QlMkZlbWJlZCUyRjIwMTQ3JTIyJTIwc3R5bGUlM0QlMjJ3aWR0aCUzQSUyMDQwMHB4JTNCJTIwaGVpZ2h0JTNBJTIwMjAwcHglM0IlMjBib3JkZXIlM0ElMjBub25lJTNCJTIyJTNFJTNDJTJGaWZyYW1lJTNF[\/vc_raw_html][\/vc_tta_section][\/vc_tta_tabs][\/vc_column][\/vc_row]\n<\/div>","protected":false},"excerpt":{"rendered":"<p>[vc_row css_animation=&#8221;left-to-right&#8221; local_scroll_id=&#8221;gwenda&#8221;][vc_column width=&#8221;1\/4&#8243;][vc_single_image image=&#8221;383&#8243; img_size=&#8221;medium&#8221; style=&#8221;vc_box_circle_2&#8243;][vc_column_text] \u00a0+32 (0)486 54 90 64 gwenda@kairos.gent[\/vc_column_text][vc_column_text]Individuele psychotherapie voor adolescenten en volwassenen Relatietherapie Talen: Nederlands en Engels[\/vc_column_text][\/vc_column][vc_column width=&#8221;3\/4&#8243;][vc_custom_heading text=&#8221;Gwenda Verthriest&#8221; font_container=&#8221;tag:h3|text_align:left&#8221; use_theme_fonts=&#8221;yes&#8221;][vc_tta_tabs shape=&#8221;square&#8221; active_section=&#8221;1&#8243; no_fill_content_area=&#8221;true&#8221;][vc_tta_section title=&#8221;Profiel&#8221; tab_id=&#8221;1457877224997-f92e1fc4-37e2&#8243;][vc_column_text css=&#8221;&#8221;]Telkens weer vind ik het een voorrecht&hellip;<\/p>\n","protected":false},"author":1,"featured_media":0,"parent":0,"menu_order":0,"comment_status":"closed","ping_status":"closed","template":"","meta":{"footnotes":""},"_links":{"self":[{"href":"http:\/\/www.kairos.gent\/nl\/wp-json\/wp\/v2\/pages\/137"}],"collection":[{"href":"http:\/\/www.kairos.gent\/nl\/wp-json\/wp\/v2\/pages"}],"about":[{"href":"http:\/\/www.kairos.gent\/nl\/wp-json\/wp\/v2\/types\/page"}],"author":[{"embeddable":true,"href":"http:\/\/www.kairos.gent\/nl\/wp-json\/wp\/v2\/users\/1"}],"replies":[{"embeddable":true,"href":"http:\/\/www.kairos.gent\/nl\/wp-json\/wp\/v2\/comments?post=137"}],"version-history":[{"count":84,"href":"http:\/\/www.kairos.gent\/nl\/wp-json\/wp\/v2\/pages\/137\/revisions"}],"predecessor-version":[{"id":826,"href":"http:\/\/www.kairos.gent\/nl\/wp-json\/wp\/v2\/pages\/137\/revisions\/826"}],"wp:attachment":[{"href":"http:\/\/www.kairos.gent\/nl\/wp-json\/wp\/v2\/media?parent=137"}],"curies":[{"name":"wp","href":"https:\/\/api.w.org\/{rel}","templated":true}]}}